{"id":3107,"date":"2024-08-20T13:09:41","date_gmt":"2024-08-20T11:09:41","guid":{"rendered":"https:\/\/www.ardeche-canoe.com\/contact\/"},"modified":"2025-03-07T13:19:02","modified_gmt":"2025-03-07T12:19:02","slug":"kontakt","status":"publish","type":"page","link":"https:\/\/www.ardeche-canoe.com\/de\/kontakt\/","title":{"rendered":"Kontakt"},"content":{"rendered":"<div class=\"fusion-fullwidth fullwidth-box fusion-builder-row-1 fusion-flex-container has-pattern-background has-mask-background nonhundred-percent-fullwidth non-hundred-percent-height-scrolling\" style=\"--awb-border-radius-top-left:0px;--awb-border-radius-top-right:0px;--awb-border-radius-bottom-right:0px;--awb-border-radius-bottom-left:0px;--awb-flex-wrap:wrap;\" ><div class=\"fusion-builder-row fusion-row fusion-flex-align-items-flex-start fusion-flex-justify-content-center fusion-flex-content-wrap\" style=\"max-width:1664px;margin-left: calc(-4% \/ 2 );margin-right: calc(-4% \/ 2 );\"><div class=\"fusion-layout-column fusion_builder_column fusion-builder-column-0 fusion_builder_column_1_1 1_1 fusion-flex-column\" style=\"--awb-bg-size:cover;--awb-width-large:100%;--awb-margin-top-large:0px;--awb-spacing-right-large:1.92%;--awb-margin-bottom-large:50px;--awb-spacing-left-large:1.92%;--awb-width-medium:100%;--awb-order-medium:0;--awb-spacing-right-medium:1.92%;--awb-spacing-left-medium:1.92%;--awb-width-small:100%;--awb-order-small:0;--awb-spacing-right-small:1.92%;--awb-spacing-left-small:1.92%;\" data-scroll-devices=\"small-visibility,medium-visibility,large-visibility\"><div class=\"fusion-column-wrapper fusion-column-has-shadow fusion-flex-justify-content-flex-start fusion-content-layout-column\"><div class=\"fusion-text fusion-text-1 blue-color\" style=\"--awb-content-alignment:center;\"><p><strong>Eine Frage zu den Kanu Touren?<\/strong><br \/>\n<strong>Ben\u00f6tigen Sie zus\u00e4tzliche Informationen?<\/strong><br \/>\n<strong>Z\u00f6gern Sie nicht das Cano\u00ebs Service-Team zu kontaktieren!<\/strong><\/p>\n<\/div><\/div><\/div><div class=\"fusion-layout-column fusion_builder_column fusion-builder-column-1 fusion_builder_column_1_3 1_3 fusion-flex-column bloc-infos-single infos-cadre-bleu col-match\" style=\"--awb-bg-size:cover;--awb-width-large:33.333333333333%;--awb-margin-top-large:0px;--awb-spacing-right-large:5.76%;--awb-margin-bottom-large:20px;--awb-spacing-left-large:5.76%;--awb-width-medium:33.333333333333%;--awb-order-medium:0;--awb-spacing-right-medium:5.76%;--awb-spacing-left-medium:5.76%;--awb-width-small:100%;--awb-order-small:0;--awb-spacing-right-small:1.92%;--awb-spacing-left-small:1.92%;\" data-scroll-devices=\"small-visibility,medium-visibility,large-visibility\"><div class=\"fusion-column-wrapper fusion-column-has-shadow fusion-flex-justify-content-flex-start fusion-content-layout-column\"><div class=\"fusion-text fusion-text-2\" style=\"--awb-content-alignment:center;\"><p><strong><i class=\"picto-telephone\"><\/i> Telefonisch<\/strong><\/p>\n<p><a href=\"tel:+33475880734\">+ 33 (0)4 75 88 07 34<\/a><br \/>\n<a href=\"tel:+33781564151\">+ 33 (0)7 81 56 41 51<\/a><br \/>\n<a href=\"tel:+33475880757\">+ 33 (0)4 75 88 07 57<\/a><\/p>\n<\/div><\/div><\/div><div class=\"fusion-layout-column fusion_builder_column fusion-builder-column-2 fusion_builder_column_1_3 1_3 fusion-flex-column bloc-infos-single infos-cadre-bleu col-match\" style=\"--awb-bg-size:cover;--awb-width-large:33.333333333333%;--awb-margin-top-large:0px;--awb-spacing-right-large:5.76%;--awb-margin-bottom-large:20px;--awb-spacing-left-large:5.76%;--awb-width-medium:33.333333333333%;--awb-order-medium:0;--awb-spacing-right-medium:5.76%;--awb-spacing-left-medium:5.76%;--awb-width-small:100%;--awb-order-small:0;--awb-spacing-right-small:1.92%;--awb-spacing-left-small:1.92%;\" data-scroll-devices=\"small-visibility,medium-visibility,large-visibility\"><div class=\"fusion-column-wrapper fusion-column-has-shadow fusion-flex-justify-content-flex-start fusion-content-layout-column\"><div class=\"fusion-text fusion-text-3\" style=\"--awb-content-alignment:center;\"><p><strong style=\"margin-bottom: 15px;\"><i class=\"picto-email\"><\/i> Per E-Mail<\/strong><br \/>\ncanoeservice@ardeche-canoe.com<\/p>\n<\/div><\/div><\/div><div class=\"fusion-layout-column fusion_builder_column fusion-builder-column-3 fusion_builder_column_1_3 1_3 fusion-flex-column bloc-infos-single infos-cadre-bleu col-match\" style=\"--awb-bg-size:cover;--awb-width-large:33.333333333333%;--awb-margin-top-large:0px;--awb-spacing-right-large:5.76%;--awb-margin-bottom-large:20px;--awb-spacing-left-large:5.76%;--awb-width-medium:33.333333333333%;--awb-order-medium:0;--awb-spacing-right-medium:5.76%;--awb-spacing-left-medium:5.76%;--awb-width-small:100%;--awb-order-small:0;--awb-spacing-right-small:1.92%;--awb-spacing-left-small:1.92%;\" data-scroll-devices=\"small-visibility,medium-visibility,large-visibility\"><div class=\"fusion-column-wrapper fusion-column-has-shadow fusion-flex-justify-content-flex-start fusion-content-layout-column\"><div class=\"fusion-text fusion-text-4\" style=\"--awb-content-alignment:center;\"><p><strong style=\"margin-bottom: 15px;\"><i class=\"picto-email\"><\/i> \u00dcber das Kontaktformular<\/strong><br \/>\nUnten<\/p>\n<\/div><\/div><\/div><div class=\"fusion-layout-column fusion_builder_column fusion-builder-column-4 fusion_builder_column_1_1 1_1 fusion-flex-column\" style=\"--awb-bg-size:cover;--awb-width-large:100%;--awb-margin-top-large:30px;--awb-spacing-right-large:1.92%;--awb-margin-bottom-large:20px;--awb-spacing-left-large:1.92%;--awb-width-medium:100%;--awb-order-medium:0;--awb-spacing-right-medium:1.92%;--awb-spacing-left-medium:1.92%;--awb-width-small:100%;--awb-order-small:0;--awb-spacing-right-small:1.92%;--awb-spacing-left-small:1.92%;\" data-scroll-devices=\"small-visibility,medium-visibility,large-visibility\"><div class=\"fusion-column-wrapper fusion-column-has-shadow fusion-flex-justify-content-flex-start fusion-content-layout-column\"><div class=\"fusion-title title fusion-title-1 fusion-title-text fusion-title-size-two\"><div class=\"title-sep-container title-sep-container-left fusion-no-large-visibility fusion-no-medium-visibility fusion-no-small-visibility\"><div class=\"title-sep sep-single sep-solid\" style=\"border-color:#e0dede;\"><\/div><\/div><span class=\"awb-title-spacer fusion-no-large-visibility fusion-no-medium-visibility fusion-no-small-visibility\"><\/span><h2 class=\"fusion-title-heading title-heading-left fusion-responsive-typography-calculated\" style=\"margin:0;--fontSize:28;--minFontSize:28;line-height:1.5;\">Kontaktformular<\/h2><span class=\"awb-title-spacer\"><\/span><div class=\"title-sep-container title-sep-container-right\"><div class=\"title-sep sep-single sep-solid\" style=\"border-color:#e0dede;\"><\/div><\/div><\/div><div class=\"fusion-text fusion-text-5\" style=\"--awb-content-alignment:center;\"><p>Bitte f\u00fcllen Sie dieses Formular aus, damit wir Ihnen m\u00f6glichst schnell antworten k\u00f6nnen.<br \/>\nAchtung : bestimmte Felder sind obligatorisch (*)<\/p>\n<\/div><div class=\"fusion-separator fusion-full-width-sep\" style=\"align-self: center;margin-left: auto;margin-right: auto;margin-top:30px;width:100%;\"><\/div>\t\t<style>\n        .help-block { display:none !important }\n\t\t#ui-datepicker-div { font-size: 0.8em; z-index:100 !important }\n\t\t.ui-datepicker td { padding:1px ; }\n\t\t\/*form*\/\n\t\t.has-error .g-recaptcha iframe { border: 2px solid #a94442; border-radius:3px; }\n\t\t.bootstrap .form-horizontal .form-group { margin-left:0; margin-right:0; margin-bottom:5px }\n\t\t.bootstrap fieldset { padding:0 5px; }\n\t\t.bootstrap legend { color:#675d5c; background: rgba(103, 93, 92, 0.05); font-size: 19px; padding-left: 10px; }\n\t\t.bootstrap label { font-weight:normal; padding-top:0; font-size:18px }\n\t\t.bootstrap label.lb_rgpd { border-left:1px solid #fff; padding-left:5px; display:inline-block ; }\n\t\t.bootstrap label.lb_rgpd.has-error { border-color:rgb(185, 74, 72); }\n\t\t.bootstrap label.lb_rgpd input { margin-top:0; }\n\t\t.bootstrap label.lb_rgpd a { text-decoration:underline; }\n\t\t.bootstrap input, .bootstrap textarea { font-size:0.90em ; }\n\t\t.bootstrap input#validerFormContact { padding:5px 20px; color:#fff }\n\t\t.bootstrap .input-group { margin-bottom:5px }\n\t\t.nbbateaux .col-sm-4 { width:calc((100%\/3) - 4px)!important; margin-right:4px }\n\t\t.nbbateaux .col-sm-4 label { font-size:14px; padding:2px 10px !important }\n\t\t@media (min-width: 768px) {\n\t\t\t.bootstrap .form-horizontal .control-label { padding-top: 0px }\n\t\t}\n\t\t@media (max-width: 1200px) and (min-width:768px) {\n\t\t\t.g-recaptcha { display:inline-block ; }\n\t\t}\n\t\t@media (max-width: 767px) {\n\t\t\t.form-group.norequired { display:none; }\n\t\t\t.bootstrap label { display:none; }\n\t\t\t.bootstrap fieldset { padding:15px 0px !important; }\n\t\t\t.bootstrap fieldset legend { margin-bottom:0px !important; }\n\t\t}\n\t\t.bootstrap label.lb_rgpd { padding-left: 5px; display: inline-block; border-radius: 3px; padding: 5px 5px 5px 10px; border:1px solid transparent }\n\t\t.bootstrap label.lb_rgpd.has-error { background-color: #f2dede; border-color: #ebccd1; color: #a94442;\tborder:1px solid rgb(185, 74, 72) }\n\t\t.bootstrap label.lb_rgpd.has-error input[type=checkbox] { -webkit-appearance: none; -moz-appearance: none; -ms-appearance: none; border-radius: 2px; height: 13px; width: 13px; background: #a94442; border-color: transparent }\n\t\t.spinner { margin: 0 auto; width: 50px; height: 20px; text-align: center; font-size: 10px; }\n\t\t.spinner > div { background-color: #666; margin:0 1px; height: 100%; width: 6px; display: inline-block; -webkit-animation: sk-stretchdelay 1.2s infinite ease-in-out; animation: sk-stretchdelay 1.2s infinite ease-in-out; }\n\t\t.spinner .rect2 { -webkit-animation-delay: -1.1s; animation-delay: -1.1s; }\n\t\t.spinner .rect3 { -webkit-animation-delay: -1.0s; animation-delay: -1.0s; }\n\t\t.spinner .rect4 { -webkit-animation-delay: -0.9s; animation-delay: -0.9s; }\n\t\t.spinner .rect5 { -webkit-animation-delay: -0.8s; animation-delay: -0.8s; }\n\t\t@-webkit-keyframes sk-stretchdelay { 0%, 40%, 100% { -webkit-transform: scaleY(0.4) } 20% { -webkit-transform: scaleY(1.0) } }\n\t\t@keyframes sk-stretchdelay { 0%, 40%, 100% { transform: scaleY(0.4); -webkit-transform: scaleY(0.4); }  20% {  transform: scaleY(1.0); -webkit-transform: scaleY(1.0); } }\n\t\t\n        <\/style>\n        \n        <div class=\"bootstrap row-bs\">\n            <form method=\"post\" action=\"\/de\/wp-json\/wp\/v2\/pages\/3107\" class=\"form-horizontal formContact\" role=\"form\">\n                <div class=\"form-error-recaptcha alert alert-danger\" style=\"display:none\"><strong>Ihre Nachricht konnte nicht gesendet werden!<\/strong><ul><li>Die Anti-Spam-Regelung ist nicht g\u00fcltig<\/li><\/ul><\/div>\n                <div class=\"form-success alert alert-success\" style=\"display:none\">Ihre Nachricht wurde erfolgreich gesendet, werden wir innerhalb schnell wie m\u00f6glich antworten.<\/div>\n                <div class=\"form-spinner alert\" style=\"display:none\"><div class=\"spinner\"><div class=\"rect1\"><\/div><div class=\"rect2\"><\/div><div class=\"rect3\"><\/div><div class=\"rect4\"><\/div><div class=\"rect5\"><\/div><\/div><\/div>\n                <input type=\"hidden\" name=\"Langue\" id=\"Langue\" value=\"Allemande\" \/>\n                \n                <fieldset class=\"col-sm-6\" style=\"padding-left:0\">\n                    <legend>Ihre Angaben<\/legend>\n                    \n                    <div class=\"form-group\">\n                        <label for=\"Nom\" class=\"col-sm-4 control-label\">Nachname *<\/label>\n                        <div class=\"col-xs-12 col-sm-7 input-group input-group-sm\"><div class=\"input-group-addon\"><span class=\"fa fa-user\" aria-hidden=\"true\"><\/span><\/div><input autocomplete=\"family-name\" data-validation=\"required\" type=\"text\" class=\"form-control\" name=\"Nom\" id=\"Nom\" placeholder=\"Nachname\" value=\"\"><\/div>\n                    <\/div>\n                    <div class=\"form-group\">\n                        <label for=\"Prenom\" class=\"col-sm-4 control-label\">Vorname *<\/label>\n                        <div class=\"col-xs-12 col-sm-7 input-group input-group-sm\"><div class=\"input-group-addon\"><span class=\"fa fa-user\" aria-hidden=\"true\"><\/span><\/div><input autocomplete=\"given-name\" data-validation=\"required\" type=\"text\" class=\"form-control\" name=\"Prenom\" id=\"Prenom\" placeholder=\"Vorname\" value=\"\"><\/div>\n                    <\/div>\n                    <div class=\"form-group norequired\">\n                        <label for=\"Adresse\" class=\"col-sm-4 control-label\">Anschrift *<\/label>\n                        <div class=\"col-xs-12 col-sm-7 input-group input-group-sm\"><input autocomplete=\"address-line1\" data-validation=\"required\" type=\"text\" class=\"form-control\" name=\"Adresse\" id=\"Adresse\" placeholder=\"Anschrift\" value=\"\"><\/div>\n                    <\/div>\n                    <div class=\"form-group norequired\">\n                        <label for=\"Adresse2\" class=\"col-sm-4 control-label\">Address (Fortsetzung)<\/label>\n                        <div class=\"col-xs-12 col-sm-7 input-group input-group-sm\"><input autocomplete=\"address-line2\" type=\"text\" class=\"form-control\" name=\"Adresse2\" id=\"Adresse2\" placeholder=\"Address (Fortsetzung)\" value=\"\"><\/div>\n                    <\/div>\n                    <div class=\"form-group norequired\">\n                        <label for=\"Code-postal\" class=\"col-sm-4 control-label\">Postleitzahl *<\/label>\n                        <div class=\"col-xs-12 col-sm-7 input-group input-group-sm\"><input autocomplete=\"postal-code\" data-validation=\"required\" type=\"text\" class=\"form-control\" name=\"Code-postal\" id=\"Code-postal\" placeholder=\"Postleitzahl\" value=\"\"><\/div>\n                    <\/div>\n                    <div class=\"form-group norequired\">\n                        <label for=\"Ville\" class=\"col-sm-4 control-label\">Stadt *<\/label>\n                        <div class=\"col-xs-12 col-sm-7 input-group input-group-sm\"><input autocomplete=\"city\" data-validation=\"required\" type=\"text\" class=\"form-control\" name=\"Ville\" id=\"Ville\" placeholder=\"Stadt\" value=\"\"><\/div>\n                    <\/div>\n                    <div class=\"form-group norequired\">\n                        <label for=\"Pays\" class=\"col-sm-4 control-label\">Land<\/label>\n                        <div class=\"col-xs-12 col-sm-7 input-group input-group-sm\"><input autocomplete=\"country-name\" type=\"text\" class=\"form-control\" name=\"Pays\" id=\"Pays\" placeholder=\"Land\" value=\"\"><\/div>\n                    <\/div>\n                    <div class=\"form-group\">\n                        <label for=\"Telephone\" class=\"col-sm-4 control-label\">Telefonnummer *<\/label>\n                        <div class=\"col-xs-12 col-sm-7 input-group input-group-sm\"><div class=\"input-group-addon\"><span class=\"fa fa-phone\" aria-hidden=\"true\"><\/span><\/div><input autocomplete=\"tel\" data-validation=\"required\" type=\"text\" class=\"form-control\" name=\"Telephone\" id=\"Telephone\" placeholder=\"Telefonnummer\" value=\"\"><\/div>\n                    <\/div>\n                    <div class=\"form-group\">\n                        <label for=\"Mail\" class=\"col-sm-4 control-label\">Mail *<\/label>\n                        <div class=\"col-xs-12 col-sm-7 input-group input-group-sm\"><div class=\"input-group-addon\"><span class=\"fa fa-envelope\" aria-hidden=\"true\"><\/span><\/div><input autocomplete=\"email\" data-validation=\"email\" type=\"text\" class=\"form-control\" name=\"Mail\" id=\"Mail\" placeholder=\"Mail\" value=\"\"><\/div>\n                    <\/div>\n                    \n                <\/fieldset>\n                \n                <fieldset class=\"col-sm-6\" style=\"padding-right:0\">\n                    <legend>Ihre Fahrt<\/legend>\n\n                    <div class=\"form-group liste-select\">\n                        <label class=\"col-sm-4 control-label\">Art der Strecke<\/label>\n                        <div class=\"col-xs-12 col-sm-7 input-group input-group-sm\">\n                        <select class=\"form-control\" name=\"Parcours\">\n                            <option value=\"Auswahl\">Auswahl<\/option>\n\t\t\t\t\t\t\t<option value=\"Mini descent 7 km | 1\/2 day\">Mini descent 7 km | 1\/2 day<\/option><option value=\"Descent 13 km | 1 day\">Descent 13 km | 1 day<\/option><option value=\"Descent 24 km | 1 day\">Descent 24 km | 1 day<\/option><option value=\"Descent 30 km | 1 day\">Descent 30 km | 1 day<\/option><option value=\"Descent 30 km | 2 days\">Descent 30 km | 2 days<\/option><option value=\"Descent 32 km | 2 days\">Descent 32 km | 2 days<\/option><option value=\"Descent 37 km | 2 days\">Descent 37 km | 2 days<\/option><option value=\"Descent 45 km | 3 days\">Descent 45 km | 3 days<\/option><option value=\"Descent 56 km | 4 days\">Descent 56 km | 4 days<\/option><option value=\"Marathon of the Ard\u00e8che Gorges\">Marathon of the Ard\u00e8che Gorges<\/option><option value=\"15\u20ac GIFT VOUCHER TO OFFER\">15\u20ac GIFT VOUCHER TO OFFER<\/option>                        <\/select>\n                        <\/div>\n                    <\/div>         \n                    \n                    <div class=\"form-group nbbateaux  norequired\">\n                        <label id=\"Nb-bateaux\" for=\"Nb-bateaux\" class=\"col-sm-4 control-label\">Anzahl der Boote<\/label>\n                        <div class=\"col-xs-12 col-sm-7 input-group input-group-sm\">\n                            <div class=\"col-sm-4 input-group input-group-sm\" style=\"float:left\">\n                                <label for=\"Nb-kayaks\" class=\"col-sm-12 control-label\" style=\"text-align:left\">Kajaks<\/label><input type=\"text\" class=\"form-control\" name=\"Nb-kayaks\" id=\"Nb-kayaks\" placeholder=\"Kajaks\" value=\"\">\n                            <\/div>\n                            <div class=\"col-sm-4 input-group input-group-sm\" style=\"float:left\">\n                                <label for=\"Nb-canoe-2p\" class=\"col-sm-12 control-label\" style=\"text-align:left\">2-Sitzer Kanus<\/label><input type=\"text\" class=\"form-control\" name=\"Nb-canoe-2p\" id=\"Nb-canoe-2p\" placeholder=\"2-Sitzer Kanus\" value=\"\">\n                            <\/div>\n                            <div class=\"col-sm-4 input-group input-group-sm\" style=\"float:left\">\n                                <label for=\"Nb-canoe-3p\" class=\"col-sm-12 control-label\" style=\"text-align:left\">3-Sitzer Kanus<\/label><input type=\"text\" class=\"form-control\" name=\"Nb-canoe-3p\" id=\"Nb-canoe-3p\" placeholder=\"3-Sitzer Kanus\" value=\"\">\n                            <\/div>\n                        <\/div>\n                    <\/div>                                 \n                \n                    <div class=\"form-group norequired\">\n                        <label for=\"datea\" class=\"col-sm-4 control-label\">Mietdatum<\/label>\n                        <div class=\"col-xs-12 col-sm-7 input-group input-group-sm\"><div class=\"input-group-addon\"><span class=\"fa fa-calendar\" aria-hidden=\"true\"><\/span><\/div><input autocomplete=\"off\" type=\"text\" class=\"form-control\" name=\"Arrivee\" id=\"datea\" placeholder=\"Datum der Anreisetag\" value=\"\"><\/div>\n                    <\/div>\n                    \n                    <div class=\"form-group norequired\">\n                        <label for=\"Heure-prevue\" class=\"col-sm-4 control-label\">Geplante Uhrzeit<\/label>\n                        <div class=\"col-xs-12 col-sm-7 input-group input-group-sm\"><input autocomplete=\"off\" type=\"text\" class=\"form-control\" name=\"Heure-prevue\" id=\"Heure-prevue\" placeholder=\"Geplante Uhrzeit\" value=\"\"><\/div>\n                    <\/div>\n                    <div class=\"form-group norequired\">\n                        <label for=\"Nombre-adultes\" class=\"col-sm-4 control-label\">Anzahl Erwachsene<\/label>\n                        <div class=\"col-xs-12 col-sm-7 input-group input-group-sm\"><input autocomplete=\"off\" type=\"text\" class=\"form-control\" name=\"Nombre-adultes\" id=\"Nombre-adultes\" placeholder=\"Anzahl Erwachsene\" value=\"\"><\/div>\n                    <\/div>                    \n                    <div class=\"form-group norequired\">\n                        <label for=\"Nombre-enfants\" class=\"col-sm-4 control-label\">Anzahl Kinder<\/label>\n                        <div class=\"col-xs-12 col-sm-7 input-group input-group-sm\"><input autocomplete=\"off\" type=\"text\" class=\"form-control\" name=\"Nombre-enfants\" id=\"Nombre-enfants\" placeholder=\"Anzahl Kinder\" value=\"\"><\/div>\n                    <\/div>   \n                                                                                \n                    <div class=\"form-group\">\n                        <label for=\"Message\" class=\"col-sm-4 control-label\">Nachricht *<\/label>\n                        <div class=\"col-xs-12 col-sm-7 input-group input-group-sm\"><div class=\"input-group-addon\"><span class=\"fa fa-comment\" aria-hidden=\"true\"><\/span><\/div><textarea data-validation=\"required\" style=\"height:150px;\" class=\"form-control\" name=\"Message\" id=\"Message\" placeholder=\"Nachricht\"><\/textarea><\/div>\n                    <\/div>\n                                        <div class=\"form-group\">\t\t\t\t\n                        <div class=\"col-lg-4\"><\/div>\t\n                        <div class=\"col-xs-12 col-sm-11 col-lg-7 input-group input-group-sm\" style=\"text-align:right\"><div class=\"g-recaptcha\" data-sitekey=\"6Lc8HZ0qAAAAAFanrD4_euKkfXSuZ3rj5fHRr_Az\"><\/div><\/div>\n                    <\/div>\n                    <div class=\"form-group\">\n                        <div class=\"col-sm-4\"><\/div>\n                        <div class=\"col-xs-12 col-sm-7 input-group input-group-sm\"><input type=\"submit\" name=\"validerFormContact\" id=\"validerFormContact\" value=\"Senden\" class=\"fusion-button button-flat button-round button-large button-default\" \/><\/div>\n                    <\/div>\n                    <div class=\"form-group\">\n                        <div class=\"col-sm-4\"><\/div>                    \n                        <div class=\"col-xs-12 col-sm-7 input-group input-group-sm\" style=\"font-size:0.9em\">* Pflichtfelder<\/div>\n                    <\/div>\n                <\/fieldset>\n            <\/form>\n        <\/div>\n        <script type=\"text\/javascript\">\n\t\tjQuery(document).ready(function(){\t\t\n\t\t\t\n\t\t\t\/*validation formulaires*\/\n\t\t\tvar langue = 'de';\n\t\t\tif (langue == 'fr'){\n\t\t\t\tvar myLanguage = { errorTitle: 'Le formulaire n\\'a pas pu \u00eatre envoy\u00e9 !' }\n\t\t\t}else\n\t\t\t\tmyLanguage = {};\n\n\t\t\tjQuery.validate({\n\t\t\t\tform : '.formContact',\n\t\t\t\tlang: langue,\n\t\t\t\tlanguage : myLanguage,\n\t\t\t\terrorMessagePosition: 'top',\n\t\t\t\tscrollToTopOnError : false,\n\t\t\t\tonSuccess: function($form) {\n\t\t\t\t\tjQuery('.form-error-recaptcha').hide();\n\t\t\t\t\tjQuery('.form-success').hide();\n\t\t\t\t\tjQuery('.form-spinner').show();\n\t\t\t\t\tjQuery('html, body').animate({scrollTop:jQuery('.formContact').offset().top - 80 }, 'slow');\n\t\t\t\t\t\/\/ajax verif recaptcha + envoi mail + message erreur\/succ\u00e8s\n\t\t\t\t\tjQuery.post(\n\t\t\t\t\t\t'https:\/\/www.ardeche-canoe.com\/wp-admin\/admin-ajax.php',\n\t\t\t\t\t\t{\n\t\t\t\t\t\t\t'action': 'sendformContact',\n\t\t\t\t\t\t\t'form': jQuery('.formContact').serialize()\n\t\t\t\t\t\t},\n\t\t\t\t\t\tfunction(response){\n\t\t\t\t\t\t\tif (!response.captcha){\n\t\t\t\t\t\t\t\tjQuery('.g-recaptcha').parent().addClass('has-error');\n\t\t\t\t\t\t\t\tjQuery('.form-error-recaptcha').show();\n\t\t\t\t\t\t\t\tjQuery('.form-spinner').hide();\n\t\t\t\t\t\t\t}else{\n\t\t\t\t\t\t\t\tjQuery('.g-recaptcha').parent().removeClass('has-error');\n\t\t\t\t\t\t\t\t\/\/raz formulaire\n\t\t\t\t\t\t\t\tif (response.send){\n\t\t\t\t\t\t\t\t\t\/\/message form ok\n\t\t\t\t\t\t\t\t\tjQuery('.formContact').trigger('reset');\n\t\t\t\t\t\t\t\t\tjQuery('.form-spinner').hide();\n\t\t\t\t\t\t\t\t\tjQuery('.form-error-recaptcha').hide();\n\t\t\t\t\t\t\t\t\tjQuery('.form-success').show();\n\t\t\t\t\t\t\t\t}else{\n\t\t\t\t\t\t\t\t\tjQuery('.form-spinner').hide();\n\t\t\t\t\t\t\t\t\tjQuery('.form-success').hide();\n\t\t\t\t\t\t\t\t\tjQuery('.form-error-recaptcha').show();\n\t\t\t\t\t\t\t\t}\n\t\t\t\t\t\t\t}\n\t\t\t\t\t\t},\n\t\t\t\t\t\t\"json\"\n\t\t\t\t\t);\n\t\t\t\t\tgrecaptcha.reset();\n\t\t\t\t\tjQuery('html, body').animate({scrollTop:jQuery('.formContact').offset().top - 80 }, 'slow');\n\t\t\t\t\treturn false;\n    \t\t\t},\n\t\t\t\tonError: function($form) {\n\t\t\t\t\tjQuery('.form-spinner').hide();\n\t\t\t\t\tjQuery('.form-error-recaptcha').hide();\n\t\t\t\t\tjQuery('.form-success').hide();\n\t\t\t\t\t\/\/scroll jusqu'au message erreur\n\t\t\t\t\tjQuery('html, body').animate({scrollTop:jQuery('.formContact').offset().top - 80 }, 'slow');\n    \t\t\t}\n\t\t\t});\n\t\t\t\n\t\t\tjQuery(\"#datea\").datepicker({\n\t\t\t\tdateFormat: 'dd\/mm\/yy',\n\t\t\t\tchangeMonth: true,\n\t\t\t\tnumberOfMonths: 1,\n\t\t\t\tonClose: function( selectedDate ) {\n\t\t\t\t\tjQuery(\"#dated\").datepicker( \"option\", \"minDate\", selectedDate );\n\t\t\t\t}\n\t\t\t});        \n\t\t\tjQuery(\"#dated\").datepicker({\n\t\t\t\t\/*defaultDate: \"+1w\",*\/\n\t\t\t\tdateFormat: 'dd\/mm\/yy',\n\t\t\t\tchangeMonth: true,\n\t\t\t\tnumberOfMonths: 1,\n\t\t\t\tonClose: function( selectedDate ) {                \n\t\t\t\t\tjQuery(\"#datea\").datepicker( \"option\", \"maxDate\", selectedDate );            \n\t\t\t\t}   \n\t\t\t});    \n\n\t\t});\n        <\/script>\n\t\t<\/div><\/div><\/div><\/div>\n","protected":false},"excerpt":{"rendered":"","protected":false},"author":1,"featured_media":0,"parent":0,"menu_order":0,"comment_status":"closed","ping_status":"closed","template":"100-width.php","meta":{"footnotes":""},"class_list":["post-3107","page","type-page","status-publish","hentry"],"_links":{"self":[{"href":"https:\/\/www.ardeche-canoe.com\/de\/wp-json\/wp\/v2\/pages\/3107","targetHints":{"allow":["GET"]}}],"collection":[{"href":"https:\/\/www.ardeche-canoe.com\/de\/wp-json\/wp\/v2\/pages"}],"about":[{"href":"https:\/\/www.ardeche-canoe.com\/de\/wp-json\/wp\/v2\/types\/page"}],"author":[{"embeddable":true,"href":"https:\/\/www.ardeche-canoe.com\/de\/wp-json\/wp\/v2\/users\/1"}],"replies":[{"embeddable":true,"href":"https:\/\/www.ardeche-canoe.com\/de\/wp-json\/wp\/v2\/comments?post=3107"}],"version-history":[{"count":2,"href":"https:\/\/www.ardeche-canoe.com\/de\/wp-json\/wp\/v2\/pages\/3107\/revisions"}],"predecessor-version":[{"id":3413,"href":"https:\/\/www.ardeche-canoe.com\/de\/wp-json\/wp\/v2\/pages\/3107\/revisions\/3413"}],"wp:attachment":[{"href":"https:\/\/www.ardeche-canoe.com\/de\/wp-json\/wp\/v2\/media?parent=3107"}],"curies":[{"name":"wp","href":"https:\/\/api.w.org\/{rel}","templated":true}]}}